{"id":144,"date":"2026-03-01T01:41:51","date_gmt":"2026-03-01T01:41:51","guid":{"rendered":"https:\/\/fraymauriciocuesta.org\/?post_type=product&#038;p=144"},"modified":"2026-03-01T01:41:51","modified_gmt":"2026-03-01T01:41:51","slug":"el-ayuno-que-le-agrada-a-dios","status":"publish","type":"product","link":"https:\/\/fraymauriciocuesta.org\/?product=el-ayuno-que-le-agrada-a-dios","title":{"rendered":"El Ayuno Que Le Agrada A Dios"},"content":{"rendered":"<p>Dejar un yugo cuesta mucho, pero si lo dejas tendr\u00e1s grandes bendiciones. <b data-path-to-node=\"3\" data-index-in-node=\"0\">Dejar las cargas de opresi\u00f3n como:<\/b> los enojos, resentimientos, odios, miedos, rechazos; la mayor\u00eda de las veces es una <b data-path-to-node=\"3\" data-index-in-node=\"122\">ANGUSTIA<\/b>, a veces no sabemos qu\u00e9 la produce, pero que est\u00e1 all\u00ed oprimi\u00e9ndonos y acabando con nuestra existencia, y hace que suframos m\u00e1s de lo que Dios nos permite.<\/p>\n","protected":false},"excerpt":{"rendered":"<p>Dejar un yugo cuesta mucho, pero si lo dejas tendr\u00e1s grandes bendiciones.<\/p>\n","protected":false},"featured_media":145,"comment_status":"open","ping_status":"closed","template":"","meta":{"_uag_custom_page_level_css":"","_kad_post_transparent":"default","_kad_post_title":"","_kad_post_layout":"default","_kad_post_sidebar_id":"","_kad_post_content_style":"default","_kad_post_vertical_padding":"default","_kad_post_feature":"","_kad_post_feature_position":"","_kad_post_header":false,"_kad_post_footer":false,"_kad_post_classname":""},"product_brand":[],"product_cat":[17],"product_tag":[],"class_list":{"0":"post-144","1":"product","2":"type-product","3":"status-publish","4":"has-post-thumbnail","6":"product_cat-libros","8":"first","9":"instock","10":"sale","11":"shipping-taxable","12":"purchasable","13":"product-type-simple","14":"entry","15":"content-bg","16":"loop-entry"},"uagb_featured_image_src":{"full":["https:\/\/fraymauriciocuesta.org\/wp-content\/uploads\/2026\/03\/D_NQ_NP_2X_606315-MLA82514454392_032025-F.webp",459,622,false],"thumbnail":["https:\/\/fraymauriciocuesta.org\/wp-content\/uploads\/2026\/03\/D_NQ_NP_2X_606315-MLA82514454392_032025-F-150x150.webp",150,150,true],"medium":["https:\/\/fraymauriciocuesta.org\/wp-content\/uploads\/2026\/03\/D_NQ_NP_2X_606315-MLA82514454392_032025-F-221x300.webp",221,300,true],"medium_large":["https:\/\/fraymauriciocuesta.org\/wp-content\/uploads\/2026\/03\/D_NQ_NP_2X_606315-MLA82514454392_032025-F.webp",459,622,false],"large":["https:\/\/fraymauriciocuesta.org\/wp-content\/uploads\/2026\/03\/D_NQ_NP_2X_606315-MLA82514454392_032025-F.webp",459,622,false],"1536x1536":["https:\/\/fraymauriciocuesta.org\/wp-content\/uploads\/2026\/03\/D_NQ_NP_2X_606315-MLA82514454392_032025-F.webp",459,622,false],"2048x2048":["https:\/\/fraymauriciocuesta.org\/wp-content\/uploads\/2026\/03\/D_NQ_NP_2X_606315-MLA82514454392_032025-F.webp",459,622,false],"woocommerce_thumbnail":["https:\/\/fraymauriciocuesta.org\/wp-content\/uploads\/2026\/03\/D_NQ_NP_2X_606315-MLA82514454392_032025-F-300x300.webp",300,300,true],"woocommerce_single":["https:\/\/fraymauriciocuesta.org\/wp-content\/uploads\/2026\/03\/D_NQ_NP_2X_606315-MLA82514454392_032025-F.webp",459,622,false],"woocommerce_gallery_thumbnail":["https:\/\/fraymauriciocuesta.org\/wp-content\/uploads\/2026\/03\/D_NQ_NP_2X_606315-MLA82514454392_032025-F-100x100.webp",100,100,true]},"uagb_author_info":{"display_name":"admin","author_link":"https:\/\/fraymauriciocuesta.org\/?author=0"},"uagb_comment_info":0,"uagb_excerpt":"Dejar un yugo cuesta mucho, pero si lo dejas tendr\u00e1s grandes bendiciones.","_links":{"self":[{"href":"https:\/\/fraymauriciocuesta.org\/index.php?rest_route=\/wp\/v2\/product\/144","targetHints":{"allow":["GET"]}}],"collection":[{"href":"https:\/\/fraymauriciocuesta.org\/index.php?rest_route=\/wp\/v2\/product"}],"about":[{"href":"https:\/\/fraymauriciocuesta.org\/index.php?rest_route=\/wp\/v2\/types\/product"}],"replies":[{"embeddable":true,"href":"https:\/\/fraymauriciocuesta.org\/index.php?rest_route=%2Fwp%2Fv2%2Fcomments&post=144"}],"wp:featuredmedia":[{"embeddable":true,"href":"https:\/\/fraymauriciocuesta.org\/index.php?rest_route=\/wp\/v2\/media\/145"}],"wp:attachment":[{"href":"https:\/\/fraymauriciocuesta.org\/index.php?rest_route=%2Fwp%2Fv2%2Fmedia&parent=144"}],"wp:term":[{"taxonomy":"product_brand","embeddable":true,"href":"https:\/\/fraymauriciocuesta.org\/index.php?rest_route=%2Fwp%2Fv2%2Fproduct_brand&post=144"},{"taxonomy":"product_cat","embeddable":true,"href":"https:\/\/fraymauriciocuesta.org\/index.php?rest_route=%2Fwp%2Fv2%2Fproduct_cat&post=144"},{"taxonomy":"product_tag","embeddable":true,"href":"https:\/\/fraymauriciocuesta.org\/index.php?rest_route=%2Fwp%2Fv2%2Fproduct_tag&post=144"}],"curies":[{"name":"wp","href":"https:\/\/api.w.org\/{rel}","templated":true}]}}