{"id":137,"date":"2026-03-01T01:23:10","date_gmt":"2026-03-01T01:23:10","guid":{"rendered":"https:\/\/fraymauriciocuesta.org\/?post_type=product&#038;p=137"},"modified":"2026-03-01T01:26:50","modified_gmt":"2026-03-01T01:26:50","slug":"libro-sanacion-y-liberacion-del-pecado","status":"publish","type":"product","link":"https:\/\/fraymauriciocuesta.org\/?product=libro-sanacion-y-liberacion-del-pecado","title":{"rendered":"Libro: Sanaci\u00f3n y liberaci\u00f3n del pecado"},"content":{"rendered":"<p>Sanaci\u00f3n y liberaci\u00f3n del pecado. Este libro se trata del pecado, pero tambi\u00e9n habla de la Misericordia de nuestro Padre Celestial, quien no quiere la muerte del pecador, sino que \u00e9ste se convierta, se salve y viva \u00a1No lo abandon\u00f3 al poder del pecado y la muerte, sino que le tendi\u00f3 su mano!. &#8220;El pecado es una falta contra la raz\u00f3n, la verdad, la conciencia recta; es faltar al amor verdadero para Dios y para el pr\u00f3jimo, a causa de un apego perverso a ciertos bienes. Hiere la naturaleza del hombre y atenta contra la solidaridad humana&#8221;.<\/p>\n","protected":false},"excerpt":{"rendered":"<p>Sanaci\u00f3n y liberaci\u00f3n del pecado. Este libro se trata del pecado, pero tambi\u00e9n habla de la Misericordia de nuestro Padre Celestial.<\/p>\n","protected":false},"featured_media":138,"comment_status":"open","ping_status":"closed","template":"","meta":{"_uag_custom_page_level_css":"","_kad_post_transparent":"default","_kad_post_title":"","_kad_post_layout":"default","_kad_post_sidebar_id":"","_kad_post_content_style":"default","_kad_post_vertical_padding":"default","_kad_post_feature":"","_kad_post_feature_position":"","_kad_post_header":false,"_kad_post_footer":false,"_kad_post_classname":""},"product_brand":[],"product_cat":[17],"product_tag":[20,18,19],"class_list":{"0":"post-137","1":"product","2":"type-product","3":"status-publish","4":"has-post-thumbnail","6":"product_cat-libros","7":"product_tag-espiritualidad","8":"product_tag-libro","9":"product_tag-oraciones-y-meditaciones","11":"first","12":"instock","13":"sale","14":"shipping-taxable","15":"purchasable","16":"product-type-simple","17":"entry","18":"content-bg","19":"loop-entry"},"uagb_featured_image_src":{"full":["https:\/\/fraymauriciocuesta.org\/wp-content\/uploads\/2026\/03\/09ae371bce7b9bad54f8c932027baf6e.jpg",444,622,false],"thumbnail":["https:\/\/fraymauriciocuesta.org\/wp-content\/uploads\/2026\/03\/09ae371bce7b9bad54f8c932027baf6e-150x150.jpg",150,150,true],"medium":["https:\/\/fraymauriciocuesta.org\/wp-content\/uploads\/2026\/03\/09ae371bce7b9bad54f8c932027baf6e-214x300.jpg",214,300,true],"medium_large":["https:\/\/fraymauriciocuesta.org\/wp-content\/uploads\/2026\/03\/09ae371bce7b9bad54f8c932027baf6e.jpg",444,622,false],"large":["https:\/\/fraymauriciocuesta.org\/wp-content\/uploads\/2026\/03\/09ae371bce7b9bad54f8c932027baf6e.jpg",444,622,false],"1536x1536":["https:\/\/fraymauriciocuesta.org\/wp-content\/uploads\/2026\/03\/09ae371bce7b9bad54f8c932027baf6e.jpg",444,622,false],"2048x2048":["https:\/\/fraymauriciocuesta.org\/wp-content\/uploads\/2026\/03\/09ae371bce7b9bad54f8c932027baf6e.jpg",444,622,false],"woocommerce_thumbnail":["https:\/\/fraymauriciocuesta.org\/wp-content\/uploads\/2026\/03\/09ae371bce7b9bad54f8c932027baf6e-300x300.jpg",300,300,true],"woocommerce_single":["https:\/\/fraymauriciocuesta.org\/wp-content\/uploads\/2026\/03\/09ae371bce7b9bad54f8c932027baf6e.jpg",444,622,false],"woocommerce_gallery_thumbnail":["https:\/\/fraymauriciocuesta.org\/wp-content\/uploads\/2026\/03\/09ae371bce7b9bad54f8c932027baf6e-100x100.jpg",100,100,true]},"uagb_author_info":{"display_name":"admin","author_link":"https:\/\/fraymauriciocuesta.org\/?author=0"},"uagb_comment_info":0,"uagb_excerpt":"Sanaci\u00f3n y liberaci\u00f3n del pecado. Este libro se trata del pecado, pero tambi\u00e9n habla de la Misericordia de nuestro Padre Celestial.","_links":{"self":[{"href":"https:\/\/fraymauriciocuesta.org\/index.php?rest_route=\/wp\/v2\/product\/137","targetHints":{"allow":["GET"]}}],"collection":[{"href":"https:\/\/fraymauriciocuesta.org\/index.php?rest_route=\/wp\/v2\/product"}],"about":[{"href":"https:\/\/fraymauriciocuesta.org\/index.php?rest_route=\/wp\/v2\/types\/product"}],"replies":[{"embeddable":true,"href":"https:\/\/fraymauriciocuesta.org\/index.php?rest_route=%2Fwp%2Fv2%2Fcomments&post=137"}],"wp:featuredmedia":[{"embeddable":true,"href":"https:\/\/fraymauriciocuesta.org\/index.php?rest_route=\/wp\/v2\/media\/138"}],"wp:attachment":[{"href":"https:\/\/fraymauriciocuesta.org\/index.php?rest_route=%2Fwp%2Fv2%2Fmedia&parent=137"}],"wp:term":[{"taxonomy":"product_brand","embeddable":true,"href":"https:\/\/fraymauriciocuesta.org\/index.php?rest_route=%2Fwp%2Fv2%2Fproduct_brand&post=137"},{"taxonomy":"product_cat","embeddable":true,"href":"https:\/\/fraymauriciocuesta.org\/index.php?rest_route=%2Fwp%2Fv2%2Fproduct_cat&post=137"},{"taxonomy":"product_tag","embeddable":true,"href":"https:\/\/fraymauriciocuesta.org\/index.php?rest_route=%2Fwp%2Fv2%2Fproduct_tag&post=137"}],"curies":[{"name":"wp","href":"https:\/\/api.w.org\/{rel}","templated":true}]}}